{"id":72,"date":"2021-06-02T08:45:19","date_gmt":"2021-06-02T12:45:19","guid":{"rendered":"https:\/\/two0seven.com\/?page_id=72"},"modified":"2025-12-01T11:37:49","modified_gmt":"2025-12-01T16:37:49","slug":"menu","status":"publish","type":"page","link":"https:\/\/two0seven.com\/fr\/menu\/","title":{"rendered":"Menu"},"content":{"rendered":"<div class=\"wpb-content-wrapper\">[vc_section full_width=\u00a0\u00bbstretch_row\u00a0\u00bb el_class=\u00a0\u00bbsection-header\u00a0\u00bb][vc_row][vc_column][vc_column_text]\n<h1 style=\"text-align: center;\">Notre menu<\/h1>\n[\/vc_column_text][vc_column_text]\n<p style=\"text-align: center;\">Notre menu a \u00e9t\u00e9 soigneusement con\u00e7u par nos chefs pour vous offrir une exp\u00e9rience gastronomique unique. Ouvert pour le d\u00e9jeuner et le souper, nous sommes fiers de servir des plats d\u00e9licieux, pr\u00e9par\u00e9s maison, avec des ingr\u00e9dients frais de qualit\u00e9.<\/p>\n<p style=\"text-align: center;\"><strong>Nous offrons la livraison de 16h jusqu&rsquo;\u00e0 la fermeture! Pour commander, veuillez nous <a href=\"tel:4506339463\">t\u00e9l\u00e9phoner<\/a>.<\/strong><\/p>\n[\/vc_column_text][\/vc_column][\/vc_row][\/vc_section][vc_section el_class=\u00a0\u00bbsection-dej\u00a0\u00bb][vc_row][vc_column][vc_column_text]\n<h3 style=\"text-align: center;\">D\u00e9jeuner &amp; diner<\/h3>\n<p style=\"text-align: center;\">Nous vous offrons une vaste s\u00e9lection de savoureux d\u00e9jeuner et diners. Veuillez prendre note que nos diners sont servis entre 11h et 14h seulement.<\/p>\n[\/vc_column_text][vc_btn title=\u00a0\u00bbMenu d\u00e9jeuner &#038; diner\u00a0\u00bb style=\u00a0\u00bbflat\u00a0\u00bb shape=\u00a0\u00bbsquare\u00a0\u00bb align=\u00a0\u00bbcenter\u00a0\u00bb css=\u00a0\u00bb\u00a0\u00bb link=\u00a0\u00bburl:https%3A%2F%2Ftwo0seven.com%2Fwp-content%2Fuploads%2F2025%2F12%2F207-Breakfast-Lunch-Menu-FR_2025.pdf|target:_blank\u00a0\u00bb el_class=\u00a0\u00bbcustom-btn\u00a0\u00bb][vc_row_inner][vc_column_inner width=\u00a0\u00bb1\/4&Prime;][vc_single_image image=\u00a0\u00bb325&Prime; img_size=\u00a0\u00bbfull\u00a0\u00bb][\/vc_column_inner][vc_column_inner width=\u00a0\u00bb1\/4&Prime;][vc_single_image image=\u00a0\u00bb327&Prime; img_size=\u00a0\u00bbfull\u00a0\u00bb][\/vc_column_inner][vc_column_inner width=\u00a0\u00bb1\/4&Prime;][vc_single_image image=\u00a0\u00bb329&Prime; img_size=\u00a0\u00bbfull\u00a0\u00bb][\/vc_column_inner][vc_column_inner width=\u00a0\u00bb1\/4&Prime;][vc_single_image image=\u00a0\u00bb331&Prime; img_size=\u00a0\u00bbfull\u00a0\u00bb][\/vc_column_inner][\/vc_row_inner][\/vc_column][\/vc_row][\/vc_section][vc_section full_width=\u00a0\u00bbstretch_row\u00a0\u00bb el_class=\u00a0\u00bbsection-souper\u00a0\u00bb][vc_row][vc_column][vc_column_text]\n<h3 style=\"text-align: center;\">Souper<\/h3>\n<p style=\"text-align: center;\">Nous servons une grande vari\u00e9t\u00e9 de coupes de b\u0153uf canadien AAA. Chez Two 0 Seven, l&rsquo;art du grill est ma\u00eetris\u00e9 \u00e0 la perfection. Amateurs de bar \u00e0 cru? Nous servons une grande vari\u00e9t\u00e9 de fruits de mer et de crustac\u00e9s de qualit\u00e9 crus et cuits, servis froids.<\/p>\n[\/vc_column_text][vc_btn title=\u00a0\u00bbMenu souper\u00a0\u00bb style=\u00a0\u00bbflat\u00a0\u00bb shape=\u00a0\u00bbsquare\u00a0\u00bb align=\u00a0\u00bbcenter\u00a0\u00bb css=\u00a0\u00bb\u00a0\u00bb link=\u00a0\u00bburl:https%3A%2F%2Ftwo0seven.com%2Fwp-content%2Fuploads%2F2025%2F11%2F207-Dinner-Menu-FR.pdf|target:_blank\u00a0\u00bb el_class=\u00a0\u00bbcustom-btn\u00a0\u00bb][vc_row_inner][vc_column_inner width=\u00a0\u00bb1\/4&Prime;][vc_single_image image=\u00a0\u00bb338&Prime; img_size=\u00a0\u00bbfull\u00a0\u00bb][\/vc_column_inner][vc_column_inner width=\u00a0\u00bb1\/4&Prime;][vc_single_image image=\u00a0\u00bb336&Prime; img_size=\u00a0\u00bbfull\u00a0\u00bb][\/vc_column_inner][vc_column_inner width=\u00a0\u00bb1\/4&Prime;][vc_single_image image=\u00a0\u00bb334&Prime; img_size=\u00a0\u00bbfull\u00a0\u00bb][\/vc_column_inner][vc_column_inner width=\u00a0\u00bb1\/4&Prime;][vc_single_image image=\u00a0\u00bb340&Prime; img_size=\u00a0\u00bbfull\u00a0\u00bb][\/vc_column_inner][\/vc_row_inner][\/vc_column][\/vc_row][\/vc_section][vc_section full_width=\u00a0\u00bbstretch_row\u00a0\u00bb disable_element=\u00a0\u00bbyes\u00a0\u00bb el_class=\u00a0\u00bbsection-souper\u00a0\u00bb][vc_row][vc_column][vc_row_inner][vc_column_inner width=\u00a0\u00bb1\/4&Prime;][vc_single_image image=\u00a0\u00bb325&Prime; img_size=\u00a0\u00bbfull\u00a0\u00bb][\/vc_column_inner][vc_column_inner width=\u00a0\u00bb1\/4&Prime;][vc_single_image image=\u00a0\u00bb327&Prime; img_size=\u00a0\u00bbfull\u00a0\u00bb][\/vc_column_inner][vc_column_inner width=\u00a0\u00bb1\/4&Prime;][vc_single_image image=\u00a0\u00bb329&Prime; img_size=\u00a0\u00bbfull\u00a0\u00bb][\/vc_column_inner][vc_column_inner width=\u00a0\u00bb1\/4&Prime;][vc_single_image image=\u00a0\u00bb331&Prime; img_size=\u00a0\u00bbfull\u00a0\u00bb][\/vc_column_inner][\/vc_row_inner][vc_row_inner][vc_column_inner width=\u00a0\u00bb1\/4&Prime;][vc_single_image image=\u00a0\u00bb338&Prime; img_size=\u00a0\u00bbfull\u00a0\u00bb][\/vc_column_inner][vc_column_inner width=\u00a0\u00bb1\/4&Prime;][vc_single_image image=\u00a0\u00bb336&Prime; img_size=\u00a0\u00bbfull\u00a0\u00bb][\/vc_column_inner][vc_column_inner width=\u00a0\u00bb1\/4&Prime;][vc_single_image image=\u00a0\u00bb334&Prime; img_size=\u00a0\u00bbfull\u00a0\u00bb][\/vc_column_inner][vc_column_inner width=\u00a0\u00bb1\/4&Prime;][vc_single_image image=\u00a0\u00bb340&Prime; img_size=\u00a0\u00bbfull\u00a0\u00bb][\/vc_column_inner][\/vc_row_inner][\/vc_column][\/vc_row][\/vc_section][vc_section disable_element=\u00a0\u00bbyes\u00a0\u00bb el_class=\u00a0\u00bbsection-menu\u00a0\u00bb][vc_row][vc_column width=\u00a0\u00bb1\/2&Prime;][vc_column_text]\n<h1>Entr\u00e9es<\/h1>\n[\/vc_column_text][vc_column_text]\n<table>\n<tbody>\n<tr>\n<td><strong>Salade C\u00e9sar<\/strong><br \/>\nLaitue romaine, croutons, bacon, asiago et vinaigrette c\u00e9sar cr\u00e9meuse.<\/td>\n<td>6 \/ 10<\/td>\n<\/tr>\n<tr>\n<td><strong>Salade Jardin<\/strong><br \/>\nVinaigrette maison, tomates cerises, carottes et c\u00e9leri sur un m\u00e9lange de laitue.<\/td>\n<td>6 \/ 10<\/td>\n<\/tr>\n<tr>\n<td><strong>Calmars<\/strong><br \/>\nCalmars frits, croustillants assaisonn\u00e9s d&rsquo;\u00e9pices cajun, servis avec aioli de f\u00e9ta et citron.<\/td>\n<td>18<\/td>\n<\/tr>\n<tr>\n<td><strong>Crevettes \u00e0 la noix de coco<\/strong><br \/>\n3 crevettes g\u00e9antes pan\u00e9es \u00e0 la noix de coco servies avec une salsa \u00e0 l&rsquo;ananas, sauce au miel, sriracha et lime.<\/td>\n<td>18<\/td>\n<\/tr>\n<tr>\n<td><strong>Crabe pan\u00e9<\/strong><br \/>\nCrabe bleu frais fait maison, servi avec sauce.<\/td>\n<td>20<\/td>\n<\/tr>\n<tr>\n<td><strong>Soupe \u00e0 l&rsquo;oignon gratin\u00e9e<\/strong><br \/>\nGratin\u00e9e au fromage suisse, avec crostini fait maison.<\/td>\n<td>12<\/td>\n<\/tr>\n<tr>\n<td><strong>Escargots<\/strong><br \/>\nChampignon farci aux escargots, beurre \u00e0 l&rsquo;ail et aux herbes, garni de fromage mozzarella fondu.<\/td>\n<td>14<\/td>\n<\/tr>\n<\/tbody>\n<\/table>\n[\/vc_column_text][vc_row_inner el_class=\u00a0\u00bbsection-rawbar\u00a0\u00bb][vc_column_inner][vc_column_text]\n<h1>BAR \u00c0 CRU<\/h1>\n[\/vc_column_text][vc_column_text]Une grande vari\u00e9t\u00e9 de fruits de mer et crustac\u00e9s de qualit\u00e9 crus et cuits, servis froids. Demandez plus d\u2019informations \u00e0 votre serveur ou consultez notre menu du jour sur le tableau.[\/vc_column_text][vc_column_text]\n<table>\n<tbody>\n<tr>\n<td><b>Hu\u00eetres<\/b><\/td>\n<td>3.50 ch.<\/td>\n<\/tr>\n<tr>\n<td><b>Saumon fum\u00e9<\/b><\/td>\n<td>22<\/td>\n<\/tr>\n<tr>\n<td><b>Cocktail de crevettes<\/b><\/td>\n<td>18<\/td>\n<\/tr>\n<tr>\n<td><strong>Tour de fruits de mer<\/strong><\/td>\n<td>60 | 200<\/td>\n<\/tr>\n<\/tbody>\n<\/table>\n[\/vc_column_text][\/vc_column_inner][\/vc_row_inner][vc_column_text]\n<h1>Les \u00c0 C\u00f4t\u00e9s<\/h1>\n[\/vc_column_text][vc_column_text]\n<table>\n<tbody>\n<tr>\n<td><strong>Monte Carlo<\/strong><\/td>\n<td>10<\/td>\n<\/tr>\n<tr>\n<td><strong>Frites maison<\/strong><\/td>\n<td>6<\/td>\n<\/tr>\n<tr>\n<td><strong>Pur\u00e9e de pommes de terre<\/strong><\/td>\n<td>6<\/td>\n<\/tr>\n<tr>\n<td><strong>Macaroni au fromage<\/strong><\/td>\n<td>12<\/td>\n<\/tr>\n<tr>\n<td><strong>Riz Basmati Pilaf<\/strong><\/td>\n<td>6<\/td>\n<\/tr>\n<tr>\n<td><strong>L\u00e9gumes saisonniers<\/strong><\/td>\n<td>10<\/td>\n<\/tr>\n<\/tbody>\n<\/table>\n[\/vc_column_text][\/vc_column][vc_column width=\u00a0\u00bb1\/2&Prime;][vc_column_text]\n<h1>Plats principaux<\/h1>\n[\/vc_column_text][vc_column_text]\n<table>\n<tbody>\n<tr>\n<td><strong>R\u00f4ti de c\u00f4te 12oz<\/strong><br \/>\nCuit lentement, assaisonn\u00e9 \u00e0 la perfection, accompagn\u00e9 au jus et l\u00e9gumes frais.<\/td>\n<td>36<\/td>\n<\/tr>\n<tr>\n<td><strong>Delmonico 16oz<\/strong><br \/>\nEntrec\u00f4te coup\u00e9e \u00e0 la main, grill\u00e9e selon vos pr\u00e9f\u00e9rences, servie avec l\u00e9gumes frais et beurre ma\u00eetre d&rsquo;hotel.<\/td>\n<td>55<\/td>\n<\/tr>\n<tr>\n<td><strong>New York 14oz<\/strong><br \/>\nContre filet grill\u00e9 selon vos pr\u00e9f\u00e9rences servie avec l\u00e9gumes frais et beurre ma\u00eetre d&rsquo;hotel.<\/td>\n<td>50<\/td>\n<\/tr>\n<tr>\n<td><strong>Filet mignon 8oz enrob\u00e9 de bacon<\/strong><br \/>\nServi avec sauce b\u00e9arnaise et l\u00e9gumes frais.<\/td>\n<td>45<\/td>\n<\/tr>\n<tr>\n<td><strong>Saumon de l&rsquo;atlantique<\/strong><br \/>\nFilet de saumon organique assaisonn\u00e9 avec m\u00e9lange d&rsquo;\u00e9pices maison, servi avec l\u00e9gumes frais.<\/td>\n<td>32<\/td>\n<\/tr>\n<tr>\n<td><strong>Poulet parmesan<\/strong><br \/>\nPoitrine de poulet pan\u00e9e dans une sauce tomate avec fromage mozzarella et parmesan fondu, servi avec linguini marinara et pain \u00e0 l&rsquo;ail.<\/td>\n<td>28<\/td>\n<\/tr>\n<tr>\n<td><strong>Poulet cajun et crevettes<\/strong><br \/>\nPoulet noirci et crevettes g\u00e9antes pan\u00e9es, servis sur gnocchi d&rsquo;inspiration m\u00e9ridionale avec piments, tomate et fromage de ch\u00e8vre.<\/td>\n<td>32<\/td>\n<\/tr>\n<tr>\n<td><strong>Linguini au homard<\/strong><br \/>\nMorceaux de homard cuisin\u00e9s au brandy dans une sauce riche et cr\u00e9meuse.<\/td>\n<td>45<\/td>\n<\/tr>\n<tr>\n<td><strong>P\u00e2tes aux fruits de mer<\/strong><br \/>\nFruits de mer m\u00e9lang\u00e9s \u00e0 la sauce Puttanesca et servis avec linguini.<\/td>\n<td>38<\/td>\n<\/tr>\n<tr>\n<td><strong>207 poulet et c\u00f4tes lev\u00e9es<\/strong><br \/>\nPoitrine de poulet caram\u00e9lis\u00e9, c\u00f4tes lev\u00e9es accompagn\u00e9 de frites maison, salade de chou cr\u00e9meuse et cornichon \u00e0 l&rsquo;aneth.<\/td>\n<td>36<\/td>\n<\/tr>\n<tr>\n<td><strong>Poulet fum\u00e9 barbecue<\/strong><br \/>\nDemi poulet fum\u00e9, badigeonn\u00e9 de sauce barbecue et fini sur le grill, servi avec frites et salade de chou.<\/td>\n<td>22<\/td>\n<\/tr>\n<tr>\n<td><strong>C\u00f4tes lev\u00e9es<\/strong><br \/>\nFum\u00e9es lentement dans notre sauce barbecue, servies avec frites et salade de chou.<\/td>\n<td>36<\/td>\n<\/tr>\n<\/tbody>\n<\/table>\n[\/vc_column_text][\/vc_column][\/vc_row][vc_row][vc_column][vc_column_text]\n<h3 style=\"text-align: center;\">Veuillez prendre note que nous prenons tout de m\u00eame les commandes pour emporter ou en livraison par t\u00e9l\u00e9phone. Voici le menu restreint \u00e0 cet effet.<\/h3>\n[\/vc_column_text][vc_btn title=\u00a0\u00bbMenu takeout\u00a0\u00bb style=\u00a0\u00bbflat\u00a0\u00bb shape=\u00a0\u00bbsquare\u00a0\u00bb align=\u00a0\u00bbcenter\u00a0\u00bb link=\u00a0\u00bburl:%2Fwp-content%2Fuploads%2F2021%2F07%2Fmenu-takeout.jpg|target:_blank\u00a0\u00bb el_class=\u00a0\u00bbcustom-btn\u00a0\u00bb][vc_btn title=\u00a0\u00bbMenu d\u00e9jeuner\u00a0\u00bb style=\u00a0\u00bbflat\u00a0\u00bb shape=\u00a0\u00bbsquare\u00a0\u00bb align=\u00a0\u00bbcenter\u00a0\u00bb css=\u00a0\u00bb\u00a0\u00bb link=\u00a0\u00bburl:https%3A%2F%2Ftwo0seven.com%2Fwp-content%2Fuploads%2F2025%2F03%2FFR-DEJEUNER-1.pdf|target:_blank\u00a0\u00bb el_class=\u00a0\u00bbcustom-btn\u00a0\u00bb][\/vc_column][\/vc_row][\/vc_section][vc_section full_width=\u00a0\u00bbstretch_row\u00a0\u00bb content_placement=\u00a0\u00bbmiddle\u00a0\u00bb disable_element=\u00a0\u00bbyes\u00a0\u00bb el_class=\u00a0\u00bbsection-bas\u00a0\u00bb][vc_row full_width=\u00a0\u00bbstretch_row_content\u00a0\u00bb][vc_column width=\u00a0\u00bb1\/2&Prime;][vc_single_image image=\u00a0\u00bb81&Prime; img_size=\u00a0\u00bbfull\u00a0\u00bb alignment=\u00a0\u00bbcenter\u00a0\u00bb css_animation=\u00a0\u00bbfadeInLeft\u00a0\u00bb][\/vc_column][vc_column width=\u00a0\u00bb1\/2&Prime;][vc_single_image image=\u00a0\u00bb302&Prime; img_size=\u00a0\u00bbfull\u00a0\u00bb alignment=\u00a0\u00bbcenter\u00a0\u00bb css_animation=\u00a0\u00bbfadeInRight\u00a0\u00bb][\/vc_column][\/vc_row][\/vc_section]\n<\/div>","protected":false},"excerpt":{"rendered":"<p>[vc_section full_width=\u00a0\u00bbstretch_row\u00a0\u00bb el_class=\u00a0\u00bbsection-header\u00a0\u00bb][vc_row][vc_column][vc_column_text] Notre menu [\/vc_column_text][vc_column_text] Notre menu a \u00e9t\u00e9 soigneusement con\u00e7u par nos chefs pour vous offrir une exp\u00e9rience gastronomique unique. Ouvert pour le d\u00e9jeuner et le souper, nous sommes fiers de servir des plats d\u00e9licieux, pr\u00e9par\u00e9s maison, avec des ingr\u00e9dients frais de qualit\u00e9. Nous offrons la livraison de 16h jusqu&rsquo;\u00e0 la fermeture! Pour commander, veuillez nous t\u00e9l\u00e9phoner. [\/vc_column_text][\/vc_column][\/vc_row][\/vc_section][vc_section &#8230;<\/p>\n","protected":false},"author":1,"featured_media":0,"parent":0,"menu_order":0,"comment_status":"closed","ping_status":"closed","template":"template-blank-1.php","meta":{"footnotes":""},"class_list":["post-72","page","type-page","status-publish","hentry","no-post-thumbnail"],"yoast_head":"<!-- This site is optimized with the Yoast SEO plugin v27.2 - https:\/\/yoast.com\/product\/yoast-seo-wordpress\/ -->\n<title>Menu - Two 0 Seven<\/title>\n<meta name=\"robots\" content=\"index, follow, max-snippet:-1, max-image-preview:large, max-video-preview:-1\" \/>\n<link rel=\"canonical\" href=\"https:\/\/two0seven.com\/menu\/\" \/>\n<meta property=\"og:locale\" content=\"fr_FR\" \/>\n<meta property=\"og:type\" content=\"article\" \/>\n<meta property=\"og:title\" content=\"Menu - Two 0 Seven\" \/>\n<meta property=\"og:description\" content=\"[vc_section full_width=\u00a0\u00bbstretch_row\u00a0\u00bb el_class=\u00a0\u00bbsection-header\u00a0\u00bb][vc_row][vc_column][vc_column_text] Notre menu [\/vc_column_text][vc_column_text] Notre menu a \u00e9t\u00e9 soigneusement con\u00e7u par nos chefs pour vous offrir une exp\u00e9rience gastronomique unique. Ouvert pour le d\u00e9jeuner et le souper, nous sommes fiers de servir des plats d\u00e9licieux, pr\u00e9par\u00e9s maison, avec des ingr\u00e9dients frais de qualit\u00e9. Nous offrons la livraison de 16h jusqu&rsquo;\u00e0 la fermeture! Pour commander, veuillez nous t\u00e9l\u00e9phoner. [\/vc_column_text][\/vc_column][\/vc_row][\/vc_section][vc_section ...\" \/>\n<meta property=\"og:url\" content=\"https:\/\/two0seven.com\/menu\/\" \/>\n<meta property=\"og:site_name\" content=\"Two 0 Seven\" \/>\n<meta property=\"article:modified_time\" content=\"2025-12-01T16:37:49+00:00\" \/>\n<meta name=\"twitter:card\" content=\"summary_large_image\" \/>\n<meta name=\"twitter:label1\" content=\"Dur\u00e9e de lecture estim\u00e9e\" \/>\n\t<meta name=\"twitter:data1\" content=\"7 minutes\" \/>\n<script type=\"application\/ld+json\" class=\"yoast-schema-graph\">{\"@context\":\"https:\/\/schema.org\",\"@graph\":[{\"@type\":\"WebPage\",\"@id\":\"https:\/\/two0seven.com\/menu\/\",\"url\":\"https:\/\/two0seven.com\/menu\/\",\"name\":\"Menu - Two 0 Seven\",\"isPartOf\":{\"@id\":\"https:\/\/two0seven.com\/#website\"},\"datePublished\":\"2021-06-02T12:45:19+00:00\",\"dateModified\":\"2025-12-01T16:37:49+00:00\",\"breadcrumb\":{\"@id\":\"https:\/\/two0seven.com\/menu\/#breadcrumb\"},\"inLanguage\":\"fr-FR\",\"potentialAction\":[{\"@type\":\"ReadAction\",\"target\":[\"https:\/\/two0seven.com\/menu\/\"]}]},{\"@type\":\"BreadcrumbList\",\"@id\":\"https:\/\/two0seven.com\/menu\/#breadcrumb\",\"itemListElement\":[{\"@type\":\"ListItem\",\"position\":1,\"name\":\"Home\",\"item\":\"https:\/\/two0seven.com\/\"},{\"@type\":\"ListItem\",\"position\":2,\"name\":\"Menu\"}]},{\"@type\":\"WebSite\",\"@id\":\"https:\/\/two0seven.com\/#website\",\"url\":\"https:\/\/two0seven.com\/\",\"name\":\"Two 0 Seven\",\"description\":\"\",\"potentialAction\":[{\"@type\":\"SearchAction\",\"target\":{\"@type\":\"EntryPoint\",\"urlTemplate\":\"https:\/\/two0seven.com\/?s={search_term_string}\"},\"query-input\":{\"@type\":\"PropertyValueSpecification\",\"valueRequired\":true,\"valueName\":\"search_term_string\"}}],\"inLanguage\":\"fr-FR\"}]}<\/script>\n<!-- \/ Yoast SEO plugin. -->","yoast_head_json":{"title":"Menu - Two 0 Seven","robots":{"index":"index","follow":"follow","max-snippet":"max-snippet:-1","max-image-preview":"max-image-preview:large","max-video-preview":"max-video-preview:-1"},"canonical":"https:\/\/two0seven.com\/menu\/","og_locale":"fr_FR","og_type":"article","og_title":"Menu - Two 0 Seven","og_description":"[vc_section full_width=\u00a0\u00bbstretch_row\u00a0\u00bb el_class=\u00a0\u00bbsection-header\u00a0\u00bb][vc_row][vc_column][vc_column_text] Notre menu [\/vc_column_text][vc_column_text] Notre menu a \u00e9t\u00e9 soigneusement con\u00e7u par nos chefs pour vous offrir une exp\u00e9rience gastronomique unique. Ouvert pour le d\u00e9jeuner et le souper, nous sommes fiers de servir des plats d\u00e9licieux, pr\u00e9par\u00e9s maison, avec des ingr\u00e9dients frais de qualit\u00e9. Nous offrons la livraison de 16h jusqu&rsquo;\u00e0 la fermeture! Pour commander, veuillez nous t\u00e9l\u00e9phoner. [\/vc_column_text][\/vc_column][\/vc_row][\/vc_section][vc_section ...","og_url":"https:\/\/two0seven.com\/menu\/","og_site_name":"Two 0 Seven","article_modified_time":"2025-12-01T16:37:49+00:00","twitter_card":"summary_large_image","twitter_misc":{"Dur\u00e9e de lecture estim\u00e9e":"7 minutes"},"schema":{"@context":"https:\/\/schema.org","@graph":[{"@type":"WebPage","@id":"https:\/\/two0seven.com\/menu\/","url":"https:\/\/two0seven.com\/menu\/","name":"Menu - Two 0 Seven","isPartOf":{"@id":"https:\/\/two0seven.com\/#website"},"datePublished":"2021-06-02T12:45:19+00:00","dateModified":"2025-12-01T16:37:49+00:00","breadcrumb":{"@id":"https:\/\/two0seven.com\/menu\/#breadcrumb"},"inLanguage":"fr-FR","potentialAction":[{"@type":"ReadAction","target":["https:\/\/two0seven.com\/menu\/"]}]},{"@type":"BreadcrumbList","@id":"https:\/\/two0seven.com\/menu\/#breadcrumb","itemListElement":[{"@type":"ListItem","position":1,"name":"Home","item":"https:\/\/two0seven.com\/"},{"@type":"ListItem","position":2,"name":"Menu"}]},{"@type":"WebSite","@id":"https:\/\/two0seven.com\/#website","url":"https:\/\/two0seven.com\/","name":"Two 0 Seven","description":"","potentialAction":[{"@type":"SearchAction","target":{"@type":"EntryPoint","urlTemplate":"https:\/\/two0seven.com\/?s={search_term_string}"},"query-input":{"@type":"PropertyValueSpecification","valueRequired":true,"valueName":"search_term_string"}}],"inLanguage":"fr-FR"}]}},"_links":{"self":[{"href":"https:\/\/two0seven.com\/fr\/wp-json\/wp\/v2\/pages\/72","targetHints":{"allow":["GET"]}}],"collection":[{"href":"https:\/\/two0seven.com\/fr\/wp-json\/wp\/v2\/pages"}],"about":[{"href":"https:\/\/two0seven.com\/fr\/wp-json\/wp\/v2\/types\/page"}],"author":[{"embeddable":true,"href":"https:\/\/two0seven.com\/fr\/wp-json\/wp\/v2\/users\/1"}],"replies":[{"embeddable":true,"href":"https:\/\/two0seven.com\/fr\/wp-json\/wp\/v2\/comments?post=72"}],"version-history":[{"count":51,"href":"https:\/\/two0seven.com\/fr\/wp-json\/wp\/v2\/pages\/72\/revisions"}],"predecessor-version":[{"id":551,"href":"https:\/\/two0seven.com\/fr\/wp-json\/wp\/v2\/pages\/72\/revisions\/551"}],"wp:attachment":[{"href":"https:\/\/two0seven.com\/fr\/wp-json\/wp\/v2\/media?parent=72"}],"curies":[{"name":"wp","href":"https:\/\/api.w.org\/{rel}","templated":true}]}}