{"id":6,"date":"2021-05-17T08:55:09","date_gmt":"2021-05-17T12:55:09","guid":{"rendered":"https:\/\/two0seven.com\/?page_id=6"},"modified":"2025-11-14T12:14:29","modified_gmt":"2025-11-14T17:14:29","slug":"accueil","status":"publish","type":"page","link":"https:\/\/two0seven.com\/fr\/","title":{"rendered":"Accueil"},"content":{"rendered":"<div class=\"wpb-content-wrapper\">[vc_section full_width=\u00a0\u00bbstretch_row_content\u00a0\u00bb content_placement=\u00a0\u00bbtop\u00a0\u00bb el_class=\u00a0\u00bbsection-header\u00a0\u00bb][vc_row full_width=\u00a0\u00bbstretch_row_content_no_spaces\u00a0\u00bb][vc_column]\n\t\t\t<!-- START Main FR 11 REVOLUTION SLIDER 6.7.28 --><p class=\"rs-p-wp-fix\"><\/p>\n\t\t\t<rs-module-wrap id=\"rev_slider_4_1_wrapper\" data-source=\"gallery\" style=\"visibility:hidden;background:transparent;padding:0;margin:0px auto;margin-top:0;margin-bottom:0;\">\n\t\t\t\t<rs-module id=\"rev_slider_4_1\" style=\"\" data-version=\"6.7.28\">\n\t\t\t\t\t<rs-slides style=\"overflow: hidden; position: absolute;\">\n\t\t\t\t\t\t<rs-slide style=\"position: absolute;\" data-key=\"rs-4\" data-title=\"Slide\" data-anim=\"adpr:false;\" data-in=\"o:0;\" data-out=\"a:false;\">\n\t\t\t\t\t\t\t<img decoding=\"async\" src=\"\/\/two0seven.com\/wp-content\/plugins\/revslider\/sr6\/assets\/assets\/dummy.png\" alt=\"\" title=\"HEADER_v21_4.jpeg\" width=\"3840\" height=\"2160\" class=\"rev-slidebg tp-rs-img rs-lazyload\" data-lazyload=\"\/\/two0seven.com\/wp-content\/uploads\/revslider\/video-media\/HEADER_v21_4.jpeg\" data-no-retina>\n\t\t\t\t\t\t\t<rs-bgvideo \n\t\t\t\t\t\t\t\tdata-video=\"w:100%;h:100%;nse:false;l:true;ptimer:false;vfc:true;do:1;\"\n\t\t\t\t\t\t\t\tdata-mp4=\"\/\/two0seven.com\/wp-content\/uploads\/2025\/11\/HEADER_v21.mp4\"\n\t\t\t\t\t\t\t><\/rs-bgvideo>\n<!--\n\t\t\t\t\t\t\t--><rs-layer\n\t\t\t\t\t\t\t\tid=\"slider-4-slide-4-layer-0\" \n\t\t\t\t\t\t\t\tdata-type=\"shape\"\n\t\t\t\t\t\t\t\tdata-rsp_ch=\"on\"\n\t\t\t\t\t\t\t\tdata-xy=\"x:c;\"\n\t\t\t\t\t\t\t\tdata-text=\"w:normal;\"\n\t\t\t\t\t\t\t\tdata-dim=\"w:100%;h:180px,148px,112px,69px;\"\n\t\t\t\t\t\t\t\tdata-basealign=\"slide\"\n\t\t\t\t\t\t\t\tdata-frame_999=\"o:0;st:w;\"\n\t\t\t\t\t\t\t\tstyle=\"z-index:5;background-color:rgba(0,0,0,0);background-image:linear-gradient(to bottom, black 0%, transparent 100%);\"\n\t\t\t\t\t\t\t> \n\t\t\t\t\t\t\t<\/rs-layer><!--\n\n\t\t\t\t\t\t\t--><h1\n\t\t\t\t\t\t\t\tid=\"slider-4-slide-4-layer-1\" \n\t\t\t\t\t\t\t\tclass=\"rs-layer\"\n\t\t\t\t\t\t\t\tdata-type=\"text\"\n\t\t\t\t\t\t\t\tdata-rsp_ch=\"on\"\n\t\t\t\t\t\t\t\tdata-xy=\"xo:49px,40px,30px,14px;yo:240px,198px,150px,110px;\"\n\t\t\t\t\t\t\t\tdata-text=\"w:normal;s:50,41,65,54;l:57,47,74,60;fw:500;\"\n\t\t\t\t\t\t\t\tdata-padding=\"t:15,12,0,0;r:15,12,0,0;b:15,12,0,0;l:15,12,0,0;\"\n\t\t\t\t\t\t\t\tdata-frame_1=\"sp:1000;\"\n\t\t\t\t\t\t\t\tdata-frame_999=\"o:0;st:w;\"\n\t\t\t\t\t\t\t\tstyle=\"z-index:6;background-color:rgba(255,255,255,0);font-family:'Lora';\"\n\t\t\t\t\t\t\t>Exp\u00e9rience<br \/>\nde haute qualit\u00e9. \n\t\t\t\t\t\t\t<\/h1><!--\n\n\t\t\t\t\t\t\t--><rs-layer\n\t\t\t\t\t\t\t\tid=\"slider-4-slide-4-layer-2\" \n\t\t\t\t\t\t\t\tdata-type=\"text\"\n\t\t\t\t\t\t\t\tdata-color=\"#0c0c0c\"\n\t\t\t\t\t\t\t\tdata-rsp_ch=\"on\"\n\t\t\t\t\t\t\t\tdata-xy=\"x:l,l,l,c;xo:49px,40px,31px,0;yo:421px,347px,338px,272px;\"\n\t\t\t\t\t\t\t\tdata-text=\"w:normal;s:18,14,21,18;ls:2px,1px,0px,0px;\"\n\t\t\t\t\t\t\t\tdata-dim=\"w:533px,440px,715px,451px;h:71px,58px,94px,90px;\"\n\t\t\t\t\t\t\t\tdata-padding=\"t:10,8,13,9;r:15,12,19,13;b:10,8,13,9;l:15,12,19,13;\"\n\t\t\t\t\t\t\t\tdata-frame_1=\"sp:1000;\"\n\t\t\t\t\t\t\t\tdata-frame_999=\"o:0;st:w;\"\n\t\t\t\t\t\t\t\tstyle=\"z-index:7;background-color:#ffffff;font-family:'Nunito Sans';text-transform:uppercase;\"\n\t\t\t\t\t\t\t>Une ambiance chaleureuse, une cuisine r\u00e9confortante et un bar \u00e0 cru d\u00e9cadent. \n\t\t\t\t\t\t\t<\/rs-layer><!--\n-->\t\t\t\t\t<\/rs-slide>\n\t\t\t\t\t<\/rs-slides>\n\t\t\t\t<\/rs-module>\n\t\t\t\t<script>\n\t\t\t\t\tsetREVStartSize({c: 'rev_slider_4_1',rl:[1240,1024,778,480],el:[740,768,960,500],gw:[1240,1024,778,480],gh:[740,500,500,500],type:'standard',justify:'',layout:'fullwidth',mh:\"0\"});if (window.RS_MODULES!==undefined && window.RS_MODULES.modules!==undefined && window.RS_MODULES.modules[\"revslider41\"]!==undefined) {window.RS_MODULES.modules[\"revslider41\"].once = false;window.revapi4 = undefined;if (window.RS_MODULES.checkMinimal!==undefined) window.RS_MODULES.checkMinimal()}\n\t\t\t\t<\/script>\n\t\t\t<\/rs-module-wrap>\n\t\t\t<!-- END REVOLUTION SLIDER -->\n[\/vc_column][\/vc_row][\/vc_section][vc_section content_placement=\u00a0\u00bbmiddle\u00a0\u00bb el_class=\u00a0\u00bbsection-intro\u00a0\u00bb][vc_row][vc_column][vc_column_text]\n<h1 style=\"text-align: center;\">Two 0 Seven<\/h1>\n[\/vc_column_text][vc_column_text el_id=\u00a0\u00bbwaitforit\u00a0\u00bb]\n<p style=\"text-align: center;\">Bienvenue au Two 0 Seven steak and seafood, l\u2019un des meilleurs restaurants de Kahnawake offrant une cuisine raffin\u00e9e dans une ambiance d\u00e9contract\u00e9e. Ouvert pour le d\u00e9jeuner, le diner et le souper, nous sommes fiers de servir des plats d\u00e9licieux, pr\u00e9par\u00e9s maison, avec des ingr\u00e9dients frais de qualit\u00e9.<\/p>\n[\/vc_column_text][\/vc_column][\/vc_row][\/vc_section][vc_section full_width=\u00a0\u00bbstretch_row_content\u00a0\u00bb content_placement=\u00a0\u00bbmiddle\u00a0\u00bb el_class=\u00a0\u00bbsection-saveurs\u00a0\u00bb][vc_row][vc_column width=\u00a0\u00bb1\/4&Prime;][vc_single_image image=\u00a0\u00bb223&Prime; img_size=\u00a0\u00bbfull\u00a0\u00bb alignment=\u00a0\u00bbcenter\u00a0\u00bb][\/vc_column][vc_column width=\u00a0\u00bb1\/4&Prime;][vc_single_image image=\u00a0\u00bb13&Prime; img_size=\u00a0\u00bbfull\u00a0\u00bb alignment=\u00a0\u00bbcenter\u00a0\u00bb][\/vc_column][vc_column width=\u00a0\u00bb1\/4&Prime;][vc_single_image image=\u00a0\u00bb15&Prime; img_size=\u00a0\u00bbfull\u00a0\u00bb alignment=\u00a0\u00bbcenter\u00a0\u00bb][\/vc_column][vc_column width=\u00a0\u00bb1\/4&Prime;][vc_single_image image=\u00a0\u00bb113&Prime; img_size=\u00a0\u00bbfull\u00a0\u00bb alignment=\u00a0\u00bbcenter\u00a0\u00bb][\/vc_column][\/vc_row][vc_row el_class=\u00a0\u00bbdescription\u00a0\u00bb][vc_column][vc_column_text]\n<h1 style=\"text-align: center;\">Des saveurs raffin\u00e9es et vari\u00e9es.<\/h1>\n<p style=\"text-align: center;\">Notre menu a \u00e9t\u00e9 soigneusement con\u00e7u par nos chefs pour vous offrir une savoureuse exp\u00e9rience gastronomique. Que ce soit des plats classiques de steakhouse ex\u00e9cut\u00e9s avec brio, des entr\u00e9es ou des p\u00e2tes fra\u00eeches, nous offrons \u00e0 nos clients une exp\u00e9rience culinaire exceptionnelle.<\/p>\n[\/vc_column_text][vc_btn title=\u00a0\u00bbVoir notre menu\u00a0\u00bb style=\u00a0\u00bbflat\u00a0\u00bb shape=\u00a0\u00bbsquare\u00a0\u00bb align=\u00a0\u00bbcenter\u00a0\u00bb css=\u00a0\u00bb\u00a0\u00bb link=\u00a0\u00bburl:https%3A%2F%2Ftwo0seven.com%2Ffr%2Fmenu%2F\u00a0\u00bb el_class=\u00a0\u00bbcustom-btn\u00a0\u00bb][\/vc_column][\/vc_row][\/vc_section][vc_section full_width=\u00a0\u00bbstretch_row\u00a0\u00bb el_class=\u00a0\u00bbsection-ambiance\u00a0\u00bb][vc_row][vc_column width=\u00a0\u00bb4\/12&Prime; el_class=\u00a0\u00bbvc_col-sm-push-8&Prime;][vc_column_text]\n<h1 style=\"text-align: right;\">Une ambiance conviviale et confortable<\/h1>\n[\/vc_column_text][vc_column_text]\n<p style=\"text-align: right;\">Notre restaurant vous accueille dans une ambiance rustique chaleureuse.<\/p>\n<p style=\"text-align: right;\">Laissez-vous charmer par un service amical et courtois assis pr\u00e8s de l\u2019une de nos chemin\u00e9es en pierre ou dans notre nouvelle et magnifique v\u00e9randa.<\/p>\n[\/vc_column_text][\/vc_column][vc_column width=\u00a0\u00bb8\/12&Prime; el_class=\u00a0\u00bbvc_col-sm-pull-4&Prime;][vc_single_image image=\u00a0\u00bb227&Prime; img_size=\u00a0\u00bbfull\u00a0\u00bb el_class=\u00a0\u00bbimg-ambiance\u00a0\u00bb][\/vc_column][\/vc_row][vc_row][vc_column width=\u00a0\u00bb1\/2&Prime;][vc_column_text]\n<h1 style=\"text-align: left;\">Une impressionnant<br \/>\nchoix de vin<\/h1>\n[\/vc_column_text][vc_column_text]\n<p style=\"text-align: left;\">Impossible de ne pas remarquer notre cellier bien garni \u00e0 l\u2019entr\u00e9e du restaurant. Chaque bouteille a \u00e9t\u00e9 soigneusement s\u00e9lectionn\u00e9e pour se marier parfaitement \u00e0 notre menu.<\/p>\n[\/vc_column_text][\/vc_column][vc_column width=\u00a0\u00bb1\/2&Prime;][vc_single_image image=\u00a0\u00bb234&Prime; img_size=\u00a0\u00bbfull\u00a0\u00bb el_class=\u00a0\u00bbimg-ambiance2&Prime;][\/vc_column][\/vc_row][\/vc_section][vc_section content_placement=\u00a0\u00bbmiddle\u00a0\u00bb el_class=\u00a0\u00bbsection-bar-a-cru\u00a0\u00bb][vc_row el_class=\u00a0\u00bbsection-inner\u00a0\u00bb][vc_column][vc_column_text]\n<h2 style=\"text-align: center;\">Une grande vari\u00e9t\u00e9 de fruits de mer et de crustac\u00e9s crus et cuits, servis froids; hu\u00eetres fra\u00eechement ouvertes servies avec un choix de mignonettes, cocktails de crevettes, pattes de crabe ou queues de homard refroidies, et bien plus.<\/h2>\n[\/vc_column_text][vc_row_inner el_class=\u00a0\u00bbsection-images\u00a0\u00bb][vc_column_inner width=\u00a0\u00bb1\/2&Prime;][vc_single_image image=\u00a0\u00bb238&Prime; img_size=\u00a0\u00bbfull\u00a0\u00bb alignment=\u00a0\u00bbcenter\u00a0\u00bb][\/vc_column_inner][vc_column_inner width=\u00a0\u00bb1\/2&Prime;][vc_single_image image=\u00a0\u00bb31&Prime; img_size=\u00a0\u00bbfull\u00a0\u00bb alignment=\u00a0\u00bbcenter\u00a0\u00bb][\/vc_column_inner][\/vc_row_inner][vc_raw_html]JTNDaDMlMjBjbGFzcyUzRCUyMmZydWl0cy1tZXIlMjIlM0VmcnVpdHMlMjBkZSUyMG1lciUyMGZyYWlzJTNDJTJGaDMlM0UlMEElM0NoMSUyMGNsYXNzJTNEJTIyYmFyLWNydSUyMiUzRWJhciUyMCVDMyVBMCUyMGNydSUzQyUyRmgxJTNF[\/vc_raw_html][\/vc_column][\/vc_row][\/vc_section][vc_section el_class=\u00a0\u00bbsection-incontournables\u00a0\u00bb][vc_row el_class=\u00a0\u00bbsection-intro\u00a0\u00bb][vc_column][vc_column_text]\n<h1 style=\"text-align: center;\">Nos incontournables<\/h1>\n[\/vc_column_text][vc_column_text]\n<p style=\"text-align: center;\">Tout ce qui se trouve sur notre menu est absolument d\u00e9licieux et fait maison, m\u00eame notre fameux pain et nos desserts. Voici les 3 favoris de nos clients.<\/p>\n[\/vc_column_text][\/vc_column][\/vc_row][vc_row equal_height=\u00a0\u00bbyes\u00a0\u00bb content_placement=\u00a0\u00bbtop\u00a0\u00bb][vc_column width=\u00a0\u00bb1\/3&Prime; el_id=\u00a0\u00bbcol-test\u00a0\u00bb][vc_single_image image=\u00a0\u00bb45&Prime; img_size=\u00a0\u00bbfull\u00a0\u00bb alignment=\u00a0\u00bbcenter\u00a0\u00bb][vc_column_text el_class=\u00a0\u00bbboite-blanche\u00a0\u00bb]\n<h3 style=\"text-align: center;\">STEAKS &amp; C\u00f4tes de boeuf<\/h3>\n<p style=\"text-align: center;\">Nous servons une grande vari\u00e9t\u00e9 de coupes de b\u0153uf canadien AAA. Chez Two 0 Seven, l\u2019art du gril est ma\u00eetris\u00e9 \u00e0 la perfection.<\/p>\n[\/vc_column_text][\/vc_column][vc_column width=\u00a0\u00bb1\/3&Prime;][vc_single_image image=\u00a0\u00bb44&Prime; img_size=\u00a0\u00bbfull\u00a0\u00bb alignment=\u00a0\u00bbcenter\u00a0\u00bb][vc_column_text el_class=\u00a0\u00bbboite-blanche\u00a0\u00bb]\n<h3 style=\"text-align: center;\">C\u00f4tes lev\u00e9es<\/h3>\n<p style=\"text-align: center;\">Un des secrets les mieux gard\u00e9s de Kahnawake. Servi avec des frites croustillantes et savoureuses, notre plat de c\u00f4tes lev\u00e9es est \u00e0 tomber par terre.<\/p>\n[\/vc_column_text][\/vc_column][vc_column width=\u00a0\u00bb1\/3&Prime;][vc_single_image image=\u00a0\u00bb43&Prime; img_size=\u00a0\u00bbfull\u00a0\u00bb alignment=\u00a0\u00bbcenter\u00a0\u00bb][vc_column_text el_class=\u00a0\u00bbboite-blanche\u00a0\u00bb]\n<h3 style=\"text-align: center;\">P\u00c2TES AUX FRUITS DE MER<\/h3>\n<p style=\"text-align: center;\">Fruits de mer m\u00e9lang\u00e9s \u00e0 la sauce Puttanesca et servis avec linguini. Probablement les meilleures que vous aurez jamais mang\u00e9.<\/p>\n[\/vc_column_text][\/vc_column][\/vc_row][vc_row disable_element=\u00a0\u00bbyes\u00a0\u00bb][vc_column][vc_btn title=\u00a0\u00bbCommander en ligne\u00a0\u00bb style=\u00a0\u00bbflat\u00a0\u00bb shape=\u00a0\u00bbsquare\u00a0\u00bb align=\u00a0\u00bbcenter\u00a0\u00bb link=\u00a0\u00bburl:%23&Prime; el_class=\u00a0\u00bbcustom-btn\u00a0\u00bb][\/vc_column][\/vc_row][\/vc_section][vc_section content_placement=\u00a0\u00bbmiddle\u00a0\u00bb el_class=\u00a0\u00bbsection-evenements\u00a0\u00bb][vc_row][vc_column][vc_column_text]\n<h1 style=\"text-align: center;\">\u00c9v\u00e9nements priv\u00e9s &amp; mariages<\/h1>\n[\/vc_column_text][vc_column_text]\n<p style=\"text-align: center;\">Pour vos \u00e9v\u00e9nements, nous avons une grande salle de r\u00e9ception pouvant accueillir 70 personnes au 2e \u00e9tage. Notre service cl\u00e9 en main assure votre tranquillit\u00e9 d\u2019esprit; menu complet et vari\u00e9, canap\u00e9s et amuse-gueules, ap\u00e9ritifs et service de bar, buffet en soir\u00e9e, dj ou band; et bien plus.<\/p>\n[\/vc_column_text][\/vc_column][\/vc_row][vc_row el_class=\u00a0\u00bbsection-images\u00a0\u00bb][vc_column width=\u00a0\u00bb1\/2&Prime;][vc_single_image image=\u00a0\u00bb50&Prime; img_size=\u00a0\u00bbfull\u00a0\u00bb alignment=\u00a0\u00bbcenter\u00a0\u00bb css_animation=\u00a0\u00bbfadeInLeft\u00a0\u00bb][\/vc_column][vc_column width=\u00a0\u00bb1\/2&Prime;][vc_single_image image=\u00a0\u00bb243&Prime; img_size=\u00a0\u00bbfull\u00a0\u00bb alignment=\u00a0\u00bbcenter\u00a0\u00bb css_animation=\u00a0\u00bbfadeInRight\u00a0\u00bb][\/vc_column][\/vc_row][vc_row][vc_column][vc_btn title=\u00a0\u00bbContactez-nous\u00a0\u00bb style=\u00a0\u00bbflat\u00a0\u00bb shape=\u00a0\u00bbsquare\u00a0\u00bb align=\u00a0\u00bbcenter\u00a0\u00bb link=\u00a0\u00bburl:%2Fcontact%2F\u00a0\u00bb el_class=\u00a0\u00bbcustom-btn\u00a0\u00bb][\/vc_column][\/vc_row][\/vc_section][vc_section el_class=\u00a0\u00bbsection-galerie\u00a0\u00bb][vc_row][vc_column][vc_column_text]\n<h1 style=\"text-align: center;\">Quelques photos<\/h1>\n[\/vc_column_text][\/vc_column][\/vc_row][vc_row][vc_column width=\u00a0\u00bb1\/4&Prime;][vc_single_image image=\u00a0\u00bb268&Prime; img_size=\u00a0\u00bbfull\u00a0\u00bb alignment=\u00a0\u00bbcenter\u00a0\u00bb][\/vc_column][vc_column width=\u00a0\u00bb1\/4&Prime;][vc_single_image image=\u00a0\u00bb262&Prime; img_size=\u00a0\u00bbfull\u00a0\u00bb alignment=\u00a0\u00bbcenter\u00a0\u00bb][\/vc_column][vc_column width=\u00a0\u00bb1\/4&Prime;][vc_single_image image=\u00a0\u00bb264&Prime; img_size=\u00a0\u00bbfull\u00a0\u00bb alignment=\u00a0\u00bbcenter\u00a0\u00bb][\/vc_column][vc_column width=\u00a0\u00bb1\/4&Prime;][vc_single_image image=\u00a0\u00bb56&Prime; img_size=\u00a0\u00bbfull\u00a0\u00bb alignment=\u00a0\u00bbcenter\u00a0\u00bb][\/vc_column][\/vc_row][vc_row][vc_column width=\u00a0\u00bb1\/4&Prime;][vc_single_image image=\u00a0\u00bb57&Prime; img_size=\u00a0\u00bbfull\u00a0\u00bb alignment=\u00a0\u00bbcenter\u00a0\u00bb][\/vc_column][vc_column width=\u00a0\u00bb1\/4&Prime;][vc_single_image image=\u00a0\u00bb270&Prime; img_size=\u00a0\u00bbfull\u00a0\u00bb alignment=\u00a0\u00bbcenter\u00a0\u00bb][\/vc_column][vc_column width=\u00a0\u00bb1\/4&Prime;][vc_single_image image=\u00a0\u00bb123&Prime; img_size=\u00a0\u00bbfull\u00a0\u00bb alignment=\u00a0\u00bbcenter\u00a0\u00bb][\/vc_column][vc_column width=\u00a0\u00bb1\/4&Prime;][vc_single_image image=\u00a0\u00bb272&Prime; img_size=\u00a0\u00bbfull\u00a0\u00bb alignment=\u00a0\u00bbcenter\u00a0\u00bb][\/vc_column][\/vc_row][vc_row][vc_column width=\u00a0\u00bb1\/4&Prime;][vc_single_image image=\u00a0\u00bb132&Prime; img_size=\u00a0\u00bbfull\u00a0\u00bb alignment=\u00a0\u00bbcenter\u00a0\u00bb][\/vc_column][vc_column width=\u00a0\u00bb1\/4&Prime;][vc_single_image image=\u00a0\u00bb126&Prime; img_size=\u00a0\u00bbfull\u00a0\u00bb alignment=\u00a0\u00bbcenter\u00a0\u00bb][\/vc_column][vc_column width=\u00a0\u00bb1\/4&Prime;][vc_single_image image=\u00a0\u00bb125&Prime; img_size=\u00a0\u00bbfull\u00a0\u00bb alignment=\u00a0\u00bbcenter\u00a0\u00bb][\/vc_column][vc_column width=\u00a0\u00bb1\/4&Prime;][vc_single_image image=\u00a0\u00bb276&Prime; img_size=\u00a0\u00bbfull\u00a0\u00bb alignment=\u00a0\u00bbcenter\u00a0\u00bb][\/vc_column][\/vc_row][\/vc_section]\n<\/div>","protected":false},"excerpt":{"rendered":"<p>[vc_section full_width=\u00a0\u00bbstretch_row_content\u00a0\u00bb content_placement=\u00a0\u00bbtop\u00a0\u00bb el_class=\u00a0\u00bbsection-header\u00a0\u00bb][vc_row full_width=\u00a0\u00bbstretch_row_content_no_spaces\u00a0\u00bb][vc_column][\/vc_column][\/vc_row][\/vc_section][vc_section content_placement=\u00a0\u00bbmiddle\u00a0\u00bb el_class=\u00a0\u00bbsection-intro\u00a0\u00bb][vc_row][vc_column][vc_column_text] Two 0 Seven [\/vc_column_text][vc_column_text el_id=\u00a0\u00bbwaitforit\u00a0\u00bb] Bienvenue au Two 0 Seven steak and seafood, l\u2019un des meilleurs restaurants de Kahnawake offrant une cuisine raffin\u00e9e dans une ambiance d\u00e9contract\u00e9e. Ouvert pour le d\u00e9jeuner, le diner et le souper, nous sommes fiers de servir des plats d\u00e9licieux, pr\u00e9par\u00e9s maison, avec des ingr\u00e9dients frais de qualit\u00e9. [\/vc_column_text][\/vc_column][\/vc_row][\/vc_section][vc_section &#8230;<\/p>\n","protected":false},"author":1,"featured_media":0,"parent":0,"menu_order":0,"comment_status":"closed","ping_status":"closed","template":"template-blank-1.php","meta":{"footnotes":""},"class_list":["post-6","page","type-page","status-publish","hentry","no-post-thumbnail"],"yoast_head":"<!-- This site is optimized with the Yoast SEO plugin v27.2 - https:\/\/yoast.com\/product\/yoast-seo-wordpress\/ -->\n<title>Accueil - Two 0 Seven<\/title>\n<meta name=\"robots\" content=\"index, follow, max-snippet:-1, max-image-preview:large, max-video-preview:-1\" \/>\n<link rel=\"canonical\" href=\"https:\/\/two0seven.com\/\" \/>\n<meta property=\"og:locale\" content=\"fr_FR\" \/>\n<meta property=\"og:type\" content=\"article\" \/>\n<meta property=\"og:title\" content=\"Accueil - Two 0 Seven\" \/>\n<meta property=\"og:description\" content=\"[vc_section full_width=\u00a0\u00bbstretch_row_content\u00a0\u00bb content_placement=\u00a0\u00bbtop\u00a0\u00bb el_class=\u00a0\u00bbsection-header\u00a0\u00bb][vc_row full_width=\u00a0\u00bbstretch_row_content_no_spaces\u00a0\u00bb][vc_column][\/vc_column][\/vc_row][\/vc_section][vc_section content_placement=\u00a0\u00bbmiddle\u00a0\u00bb el_class=\u00a0\u00bbsection-intro\u00a0\u00bb][vc_row][vc_column][vc_column_text] Two 0 Seven [\/vc_column_text][vc_column_text el_id=\u00a0\u00bbwaitforit\u00a0\u00bb] Bienvenue au Two 0 Seven steak and seafood, l\u2019un des meilleurs restaurants de Kahnawake offrant une cuisine raffin\u00e9e dans une ambiance d\u00e9contract\u00e9e. Ouvert pour le d\u00e9jeuner, le diner et le souper, nous sommes fiers de servir des plats d\u00e9licieux, pr\u00e9par\u00e9s maison, avec des ingr\u00e9dients frais de qualit\u00e9. [\/vc_column_text][\/vc_column][\/vc_row][\/vc_section][vc_section ...\" \/>\n<meta property=\"og:url\" content=\"https:\/\/two0seven.com\/\" \/>\n<meta property=\"og:site_name\" content=\"Two 0 Seven\" \/>\n<meta property=\"article:modified_time\" content=\"2025-11-14T17:14:29+00:00\" \/>\n<meta name=\"twitter:card\" content=\"summary_large_image\" \/>\n<meta name=\"twitter:label1\" content=\"Dur\u00e9e de lecture estim\u00e9e\" \/>\n\t<meta name=\"twitter:data1\" content=\"3 minutes\" \/>\n<script type=\"application\/ld+json\" class=\"yoast-schema-graph\">{\"@context\":\"https:\/\/schema.org\",\"@graph\":[{\"@type\":\"WebPage\",\"@id\":\"https:\/\/two0seven.com\/\",\"url\":\"https:\/\/two0seven.com\/\",\"name\":\"Accueil - Two 0 Seven\",\"isPartOf\":{\"@id\":\"https:\/\/two0seven.com\/#website\"},\"datePublished\":\"2021-05-17T12:55:09+00:00\",\"dateModified\":\"2025-11-14T17:14:29+00:00\",\"breadcrumb\":{\"@id\":\"https:\/\/two0seven.com\/#breadcrumb\"},\"inLanguage\":\"fr-FR\",\"potentialAction\":[{\"@type\":\"ReadAction\",\"target\":[\"https:\/\/two0seven.com\/\"]}]},{\"@type\":\"BreadcrumbList\",\"@id\":\"https:\/\/two0seven.com\/#breadcrumb\",\"itemListElement\":[{\"@type\":\"ListItem\",\"position\":1,\"name\":\"Home\",\"item\":\"https:\/\/two0seven.com\/\"},{\"@type\":\"ListItem\",\"position\":2,\"name\":\"Accueil\"}]},{\"@type\":\"WebSite\",\"@id\":\"https:\/\/two0seven.com\/#website\",\"url\":\"https:\/\/two0seven.com\/\",\"name\":\"Two 0 Seven\",\"description\":\"\",\"potentialAction\":[{\"@type\":\"SearchAction\",\"target\":{\"@type\":\"EntryPoint\",\"urlTemplate\":\"https:\/\/two0seven.com\/?s={search_term_string}\"},\"query-input\":{\"@type\":\"PropertyValueSpecification\",\"valueRequired\":true,\"valueName\":\"search_term_string\"}}],\"inLanguage\":\"fr-FR\"}]}<\/script>\n<!-- \/ Yoast SEO plugin. -->","yoast_head_json":{"title":"Accueil - Two 0 Seven","robots":{"index":"index","follow":"follow","max-snippet":"max-snippet:-1","max-image-preview":"max-image-preview:large","max-video-preview":"max-video-preview:-1"},"canonical":"https:\/\/two0seven.com\/","og_locale":"fr_FR","og_type":"article","og_title":"Accueil - Two 0 Seven","og_description":"[vc_section full_width=\u00a0\u00bbstretch_row_content\u00a0\u00bb content_placement=\u00a0\u00bbtop\u00a0\u00bb el_class=\u00a0\u00bbsection-header\u00a0\u00bb][vc_row full_width=\u00a0\u00bbstretch_row_content_no_spaces\u00a0\u00bb][vc_column][\/vc_column][\/vc_row][\/vc_section][vc_section content_placement=\u00a0\u00bbmiddle\u00a0\u00bb el_class=\u00a0\u00bbsection-intro\u00a0\u00bb][vc_row][vc_column][vc_column_text] Two 0 Seven [\/vc_column_text][vc_column_text el_id=\u00a0\u00bbwaitforit\u00a0\u00bb] Bienvenue au Two 0 Seven steak and seafood, l\u2019un des meilleurs restaurants de Kahnawake offrant une cuisine raffin\u00e9e dans une ambiance d\u00e9contract\u00e9e. Ouvert pour le d\u00e9jeuner, le diner et le souper, nous sommes fiers de servir des plats d\u00e9licieux, pr\u00e9par\u00e9s maison, avec des ingr\u00e9dients frais de qualit\u00e9. [\/vc_column_text][\/vc_column][\/vc_row][\/vc_section][vc_section ...","og_url":"https:\/\/two0seven.com\/","og_site_name":"Two 0 Seven","article_modified_time":"2025-11-14T17:14:29+00:00","twitter_card":"summary_large_image","twitter_misc":{"Dur\u00e9e de lecture estim\u00e9e":"3 minutes"},"schema":{"@context":"https:\/\/schema.org","@graph":[{"@type":"WebPage","@id":"https:\/\/two0seven.com\/","url":"https:\/\/two0seven.com\/","name":"Accueil - Two 0 Seven","isPartOf":{"@id":"https:\/\/two0seven.com\/#website"},"datePublished":"2021-05-17T12:55:09+00:00","dateModified":"2025-11-14T17:14:29+00:00","breadcrumb":{"@id":"https:\/\/two0seven.com\/#breadcrumb"},"inLanguage":"fr-FR","potentialAction":[{"@type":"ReadAction","target":["https:\/\/two0seven.com\/"]}]},{"@type":"BreadcrumbList","@id":"https:\/\/two0seven.com\/#breadcrumb","itemListElement":[{"@type":"ListItem","position":1,"name":"Home","item":"https:\/\/two0seven.com\/"},{"@type":"ListItem","position":2,"name":"Accueil"}]},{"@type":"WebSite","@id":"https:\/\/two0seven.com\/#website","url":"https:\/\/two0seven.com\/","name":"Two 0 Seven","description":"","potentialAction":[{"@type":"SearchAction","target":{"@type":"EntryPoint","urlTemplate":"https:\/\/two0seven.com\/?s={search_term_string}"},"query-input":{"@type":"PropertyValueSpecification","valueRequired":true,"valueName":"search_term_string"}}],"inLanguage":"fr-FR"}]}},"_links":{"self":[{"href":"https:\/\/two0seven.com\/fr\/wp-json\/wp\/v2\/pages\/6","targetHints":{"allow":["GET"]}}],"collection":[{"href":"https:\/\/two0seven.com\/fr\/wp-json\/wp\/v2\/pages"}],"about":[{"href":"https:\/\/two0seven.com\/fr\/wp-json\/wp\/v2\/types\/page"}],"author":[{"embeddable":true,"href":"https:\/\/two0seven.com\/fr\/wp-json\/wp\/v2\/users\/1"}],"replies":[{"embeddable":true,"href":"https:\/\/two0seven.com\/fr\/wp-json\/wp\/v2\/comments?post=6"}],"version-history":[{"count":67,"href":"https:\/\/two0seven.com\/fr\/wp-json\/wp\/v2\/pages\/6\/revisions"}],"predecessor-version":[{"id":500,"href":"https:\/\/two0seven.com\/fr\/wp-json\/wp\/v2\/pages\/6\/revisions\/500"}],"wp:attachment":[{"href":"https:\/\/two0seven.com\/fr\/wp-json\/wp\/v2\/media?parent=6"}],"curies":[{"name":"wp","href":"https:\/\/api.w.org\/{rel}","templated":true}]}}