{"id":529,"date":"2025-11-14T14:16:27","date_gmt":"2025-11-14T19:16:27","guid":{"rendered":"https:\/\/two0seven.com\/events\/"},"modified":"2025-11-20T08:35:31","modified_gmt":"2025-11-20T13:35:31","slug":"evenements","status":"publish","type":"page","link":"https:\/\/two0seven.com\/fr\/evenements\/","title":{"rendered":"\u00c9v\u00e9nements"},"content":{"rendered":"<div class=\"wpb-content-wrapper\">[vc_section full_width=\u00a0\u00bbstretch_row\u00a0\u00bb el_class=\u00a0\u00bbsection-contact\u00a0\u00bb css=\u00a0\u00bb.vc_custom_1763147780506{margin-top: -20px !important;}\u00a0\u00bb][vc_row][vc_column][vc_column_text css=\u00a0\u00bb\u00a0\u00bb]\n<h1 style=\"text-align: center;\"><span dir=\"ltr\" role=\"presentation\">Planifiez votre prochain<br \/>\n\u00e9v\u00e9nement avec nous!<\/span><\/h1>\n<p style=\"text-align: center;\"><span dir=\"ltr\" role=\"presentation\">Qu\u2019il s\u2019agisse d\u2019une activit\u00e9 corporative, d\u2019un anniversaire, d\u2019un d\u00eener priv\u00e9 ou de toute autre c\u00e9l\u00e9bration,<\/span><br role=\"presentation\" \/><span dir=\"ltr\" role=\"presentation\">notre \u00e9quipe d\u2019\u00e9v\u00e9nements est l\u00e0 pour donner vie \u00e0 votre vision.\u00a0<\/span><\/p>\n[\/vc_column_text][\/vc_column][\/vc_row][vc_row][vc_column width=\u00a0\u00bb1\/2&Prime;][vc_single_image image=\u00a0\u00bb504&Prime; img_size=\u00a0\u00bblarge\u00a0\u00bb css=\u00a0\u00bb.vc_custom_1763149461691{margin-top: -20px !important;margin-left: -100px !important;}\u00a0\u00bb][vc_single_image image=\u00a0\u00bb508&Prime; img_size=\u00a0\u00bbfull\u00a0\u00bb alignment=\u00a0\u00bbcenter\u00a0\u00bb css=\u00a0\u00bb.vc_custom_1763645728439{margin-top: -120px !important;margin-right: -40px !important;margin-left: 20px !important;}\u00a0\u00bb][vc_single_image image=\u00a0\u00bb506&Prime; img_size=\u00a0\u00bblarge\u00a0\u00bb css=\u00a0\u00bb.vc_custom_1763645695292{margin-top: -100px !important;margin-left: -100px !important;}\u00a0\u00bb][\/vc_column][vc_column width=\u00a0\u00bb1\/2&Prime;][vc_column_text css=\u00a0\u00bb\u00a0\u00bb]\n<p style=\"text-align: left;\"><span dir=\"ltr\" role=\"presentation\">Veuillez remplir le formulaire ci-dessous <\/span><span dir=\"ltr\" role=\"presentation\">et nous vous r\u00e9pondrons dans un d\u00e9lai de 24 \u00e0 48 heures.<\/span><\/p>\n[\/vc_column_text]\n                <div class='gf_browser_gecko gform_wrapper' id='gform_wrapper_6' ><a id='gf_6' class='gform_anchor' ><\/a><form method='post' enctype='multipart\/form-data' target='gform_ajax_frame_6' id='gform_6'  action='\/fr\/wp-json\/wp\/v2\/pages\/529#gf_6'>\n                        <div class='gform_body'><ul id='gform_fields_6' class='gform_fields top_label form_sublabel_below description_below'><li id='field_6_1' class='gfield gfield_contains_required field_sublabel_below field_description_below hidden_label gfield_visibility_visible' ><label class='gfield_label' for='input_6_1' >Your name<span class='gfield_required'>*<\/span><\/label><div class='ginput_container ginput_container_text'><input name='input_1' id='input_6_1' type='text' value='' class='medium'  tabindex='1'  placeholder='Nom complet' aria-required=\"true\" aria-invalid=\"false\" \/><\/div><\/li><li id='field_6_5' class='gfield field_sublabel_below field_description_below hidden_label gfield_visibility_visible' ><label class='gfield_label' for='input_6_5' >Company name<\/label><div class='ginput_container ginput_container_text'><input name='input_5' id='input_6_5' type='text' value='' class='medium'  tabindex='2'  placeholder='Nom de l\u2019entreprise'  aria-invalid=\"false\" \/><\/div><\/li><li id='field_6_2' class='gfield gfield_contains_required field_sublabel_below field_description_below hidden_label gfield_visibility_visible' ><label class='gfield_label' for='input_6_2' >Your telephone<span class='gfield_required'>*<\/span><\/label><div class='ginput_container ginput_container_phone'><input name='input_2' id='input_6_2' type='text' value='' class='medium' tabindex='3'  placeholder='T\u00e9l\u00e9phone' aria-required=\"true\" aria-invalid=\"false\" \/><\/div><\/li><li id='field_6_3' class='gfield gfield_contains_required field_sublabel_below field_description_below hidden_label gfield_visibility_visible' ><label class='gfield_label' for='input_6_3' >Your email<span class='gfield_required'>*<\/span><\/label><div class='ginput_container ginput_container_email'>\n                            <input name='input_3' id='input_6_3' type='text' value='' class='medium' tabindex='4'   placeholder='Courriel' aria-required=\"true\" aria-invalid=\"false\"\/>\n                        <\/div><\/li><li id='field_6_13' class='gfield field_sublabel_below field_description_below hidden_label gfield_visibility_visible' ><label class='gfield_label' for='input_6_13' >M\u00e9thode de contact pr\u00e9f\u00e9r\u00e9e<\/label><div class='ginput_container ginput_container_select'><select name='input_13' id='input_6_13'  class='medium gfield_select' tabindex='5'   aria-invalid=\"false\"><option value='' selected='selected' class='gf_placeholder'>M\u00c9THODE DE CONTACT PR\u00c9F\u00c9R\u00c9E<\/option><option value='Courriel' >Courriel<\/option><option value='T\u00e9l\u00e9phone' >T\u00e9l\u00e9phone<\/option><\/select><\/div><\/li><li id='field_6_6' class='gfield gfield_contains_required field_sublabel_below field_description_below hidden_label gfield_visibility_visible' ><label class='gfield_label' for='input_6_6' >Event type<span class='gfield_required'>*<\/span><\/label><div class='ginput_container ginput_container_select'><select name='input_6' id='input_6_6'  class='medium gfield_select' tabindex='6'  aria-required=\"true\" aria-invalid=\"false\"><option value='' selected='selected' class='gf_placeholder'>TYPE D&#039;\u00c9V\u00c9NEMENTS<\/option><option value='Anniversaire de marriage' >Anniversaire de marriage<\/option><option value='F\u00eate d\u2019anniversaire' >F\u00eate d\u2019anniversaire<\/option><option value='F\u00eate de graduation' >F\u00eate de graduation<\/option><option value='F\u00eate de fian\u00e7ailles' >F\u00eate de fian\u00e7ailles<\/option><option value='F\u00eate pr\u00e9nuptiale' >F\u00eate pr\u00e9nuptiale<\/option><option value='Mariage' >Mariage<\/option><option value='Shower de b\u00e9b\u00e9' >Shower de b\u00e9b\u00e9<\/option><option value='F\u00eate de retraite' >F\u00eate de retraite<\/option><option value='D\u00eener ou souper d\u2019\u00e9quipe' >D\u00eener ou souper d\u2019\u00e9quipe<\/option><option value='Session de formation' >Session de formation<\/option><option value='R\u00e9union du conseil' >R\u00e9union du conseil<\/option><option value='\u00c9v\u00e9nement de r\u00e9seautage ou de lancement' >\u00c9v\u00e9nement de r\u00e9seautage ou de lancement<\/option><option value='F\u00eate des F\u00eates \/ de fin d\u2019ann\u00e9e' >F\u00eate des F\u00eates \/ de fin d\u2019ann\u00e9e<\/option><option value='Autre' >Autre<\/option><\/select><\/div><\/li><li id='field_6_7' class='gfield gfield_contains_required field_sublabel_below field_description_below hidden_label gfield_visibility_visible' ><label class='gfield_label' for='input_6_7' >Event Date<span class='gfield_required'>*<\/span><\/label><div class='ginput_container ginput_container_text'><input name='input_7' id='input_6_7' type='text' value='' class='medium'  tabindex='7'  placeholder='Date de l\u2019\u00e9v\u00e9nement' aria-required=\"true\" aria-invalid=\"false\" \/><\/div><\/li><li id='field_6_8' class='gfield gfield_contains_required field_sublabel_below field_description_below hidden_label gfield_visibility_visible' ><label class='gfield_label' for='input_6_8' >Preferred Start Time<span class='gfield_required'>*<\/span><\/label><div class='ginput_container ginput_container_text'><input name='input_8' id='input_6_8' type='text' value='' class='medium'  tabindex='8'  placeholder='Heure de d\u00e9but pr\u00e9f\u00e9r\u00e9e' aria-required=\"true\" aria-invalid=\"false\" \/><\/div><\/li><li id='field_6_10' class='gfield field_sublabel_below field_description_below hidden_label gfield_visibility_visible' ><label class='gfield_label' for='input_6_10' >Event Duration<\/label><div class='ginput_container ginput_container_text'><input name='input_10' id='input_6_10' type='text' value='' class='medium'  tabindex='9'  placeholder='Dur\u00e9e approximative de l\u2019\u00e9v\u00e9nement'  aria-invalid=\"false\" \/><\/div><\/li><li id='field_6_11' class='gfield field_sublabel_below field_description_below hidden_label gfield_visibility_visible' ><label class='gfield_label' for='input_6_11' >Estimated Number of Guests<\/label><div class='ginput_container ginput_container_text'><input name='input_11' id='input_6_11' type='text' value='' class='medium'  tabindex='10'  placeholder='Nombre estim\u00e9 d\u2019invit\u00e9s'  aria-invalid=\"false\" \/><\/div><\/li><li id='field_6_12' class='gfield field_sublabel_below field_description_below hidden_label gfield_visibility_visible' ><label class='gfield_label' for='input_6_12' >Comments<\/label><div class='ginput_container ginput_container_textarea'><textarea name='input_12' id='input_6_12' class='textarea medium' tabindex='11'  placeholder='Demandes sp\u00e9ciales ou remarques pour notre \u00e9quipe'  aria-invalid=\"false\"   rows='10' cols='50'><\/textarea><\/div><\/li>\n                            <\/ul><\/div>\n        <div class='gform_footer top_label'> <input type='submit' id='gform_submit_button_6' class='gform_button button' value='Soumettre' tabindex='12' onclick='if(window[\"gf_submitting_6\"]){return false;}  window[\"gf_submitting_6\"]=true;  ' onkeypress='if( event.keyCode == 13 ){ if(window[\"gf_submitting_6\"]){return false;} window[\"gf_submitting_6\"]=true;  jQuery(\"#gform_6\").trigger(\"submit\",[true]); }' \/> <input type='hidden' name='gform_ajax' value='form_id=6&amp;title=&amp;description=&amp;tabindex=1' \/>\n            <input type='hidden' class='gform_hidden' name='is_submit_6' value='1' \/>\n            <input type='hidden' class='gform_hidden' name='gform_submit' value='6' \/>\n            \n            <input type='hidden' class='gform_hidden' name='gform_unique_id' value='' \/>\n            <input type='hidden' class='gform_hidden' name='state_6' value='WyJbXSIsImM4ZWYyZWVhZDc0NjhkMDA5YTE2MWZmZjg4MzcxM2ZlIl0=' \/>\n            <input type='hidden' class='gform_hidden' name='gform_target_page_number_6' id='gform_target_page_number_6' value='0' \/>\n            <input type='hidden' class='gform_hidden' name='gform_source_page_number_6' id='gform_source_page_number_6' value='1' \/>\n            <input type='hidden' name='gform_field_values' value='' \/>\n            \n        <\/div>\n                        <p style=\"display: none !important;\" class=\"akismet-fields-container\" data-prefix=\"ak_\"><label>&#916;<textarea name=\"ak_hp_textarea\" cols=\"45\" rows=\"8\" maxlength=\"100\"><\/textarea><\/label><input type=\"hidden\" id=\"ak_js_1\" name=\"ak_js\" value=\"234\"\/><script type=\"text\/javascript\">\n\/* <![CDATA[ *\/\ndocument.getElementById( \"ak_js_1\" ).setAttribute( \"value\", ( new Date() ).getTime() );\n\/* ]]> *\/\n<\/script>\n<\/p><\/form>\n                        <\/div>\n                <iframe style='display:none;width:0px;height:0px;' src='about:blank' name='gform_ajax_frame_6' id='gform_ajax_frame_6'>This iframe contains the logic required to handle Ajax powered Gravity Forms.<\/iframe>\n                <script type='text\/javascript'>jQuery(document).ready(function($){gformInitSpinner( 6, 'https:\/\/two0seven.com\/wp-content\/plugins\/gravityforms\/images\/spinner.gif' );jQuery('#gform_ajax_frame_6').load( function(){var contents = jQuery(this).contents().find('*').html();var is_postback = contents.indexOf('GF_AJAX_POSTBACK') >= 0;if(!is_postback){return;}var form_content = jQuery(this).contents().find('#gform_wrapper_6');var is_confirmation = jQuery(this).contents().find('#gform_confirmation_wrapper_6').length > 0;var is_redirect = contents.indexOf('gformRedirect(){') >= 0;var is_form = form_content.length > 0 && ! is_redirect && ! is_confirmation;if(is_form){jQuery('#gform_wrapper_6').html(form_content.html());if(form_content.hasClass('gform_validation_error')){jQuery('#gform_wrapper_6').addClass('gform_validation_error');} else {jQuery('#gform_wrapper_6').removeClass('gform_validation_error');}setTimeout( function() { \/* delay the scroll by 50 milliseconds to fix a bug in chrome *\/ jQuery(document).scrollTop(jQuery('#gform_wrapper_6').offset().top); }, 50 );if(window['gformInitDatepicker']) {gformInitDatepicker();}if(window['gformInitPriceFields']) {gformInitPriceFields();}var current_page = jQuery('#gform_source_page_number_6').val();gformInitSpinner( 6, 'https:\/\/two0seven.com\/wp-content\/plugins\/gravityforms\/images\/spinner.gif' );jQuery(document).trigger('gform_page_loaded', [6, current_page]);window['gf_submitting_6'] = false;}else if(!is_redirect){var confirmation_content = jQuery(this).contents().find('.GF_AJAX_POSTBACK').html();if(!confirmation_content){confirmation_content = contents;}setTimeout(function(){jQuery('#gform_wrapper_6').replaceWith(confirmation_content);jQuery(document).scrollTop(jQuery('#gf_6').offset().top);jQuery(document).trigger('gform_confirmation_loaded', [6]);window['gf_submitting_6'] = false;}, 50);}else{jQuery('#gform_6').append(contents);if(window['gformRedirect']) {gformRedirect();}}jQuery(document).trigger('gform_post_render', [6, current_page]);} );} );<\/script><script type='text\/javascript'> if(typeof gf_global == 'undefined') var gf_global = {\"gf_currency_config\":{\"name\":\"Dollar canadien\",\"symbol_left\":\"$\",\"symbol_right\":\"CAD\",\"symbol_padding\":\" \",\"thousand_separator\":\",\",\"decimal_separator\":\".\",\"decimals\":2},\"base_url\":\"https:\\\/\\\/two0seven.com\\\/wp-content\\\/plugins\\\/gravityforms\",\"number_formats\":[],\"spinnerUrl\":\"https:\\\/\\\/two0seven.com\\\/wp-content\\\/plugins\\\/gravityforms\\\/images\\\/spinner.gif\"};jQuery(document).bind('gform_post_render', function(event, formId, currentPage){if(formId == 6) {if(typeof Placeholders != 'undefined'){\n                        Placeholders.enable();\n                    }} } );jQuery(document).bind('gform_post_conditional_logic', function(event, formId, fields, isInit){} );<\/script><script type='text\/javascript'> jQuery(document).ready(function(){jQuery(document).trigger('gform_post_render', [6, 1]) } ); <\/script>[\/vc_column][\/vc_row][\/vc_section]\n<\/div>","protected":false},"excerpt":{"rendered":"<p>[vc_section full_width=\u00a0\u00bbstretch_row\u00a0\u00bb el_class=\u00a0\u00bbsection-contact\u00a0\u00bb css=\u00a0\u00bb.vc_custom_1763147780506{margin-top: -20px !important;}\u00a0\u00bb][vc_row][vc_column][vc_column_text css=\u00a0\u00bb\u00a0\u00bb] Planifiez votre prochain \u00e9v\u00e9nement avec nous! Qu\u2019il s\u2019agisse d\u2019une activit\u00e9 corporative, d\u2019un anniversaire, d\u2019un d\u00eener priv\u00e9 ou de toute autre c\u00e9l\u00e9bration,notre \u00e9quipe d\u2019\u00e9v\u00e9nements est l\u00e0 pour donner vie \u00e0 votre vision.\u00a0 [\/vc_column_text][\/vc_column][\/vc_row][vc_row][vc_column width=\u00a0\u00bb1\/2&Prime;][vc_single_image image=\u00a0\u00bb504&Prime; img_size=\u00a0\u00bblarge\u00a0\u00bb css=\u00a0\u00bb.vc_custom_1763149461691{margin-top: -20px !important;margin-left: -100px !important;}\u00a0\u00bb][vc_single_image image=\u00a0\u00bb508&Prime; img_size=\u00a0\u00bbfull\u00a0\u00bb alignment=\u00a0\u00bbcenter\u00a0\u00bb css=\u00a0\u00bb.vc_custom_1763645728439{margin-top: -120px !important;margin-right: -40px !important;margin-left: 20px !important;}\u00a0\u00bb][vc_single_image image=\u00a0\u00bb506&Prime; img_size=\u00a0\u00bblarge\u00a0\u00bb css=\u00a0\u00bb.vc_custom_1763645695292{margin-top: &#8230;<\/p>\n","protected":false},"author":1,"featured_media":0,"parent":0,"menu_order":0,"comment_status":"closed","ping_status":"closed","template":"template-blank-1.php","meta":{"footnotes":""},"class_list":["post-529","page","type-page","status-publish","hentry","no-post-thumbnail"],"yoast_head":"<!-- This site is optimized with the Yoast SEO plugin v27.2 - https:\/\/yoast.com\/product\/yoast-seo-wordpress\/ -->\n<title>\u00c9v\u00e9nements - Two 0 Seven<\/title>\n<meta name=\"robots\" content=\"index, follow, max-snippet:-1, max-image-preview:large, max-video-preview:-1\" \/>\n<link rel=\"canonical\" href=\"https:\/\/two0seven.com\/fr\/evenements\/\" \/>\n<meta property=\"og:locale\" content=\"fr_FR\" \/>\n<meta property=\"og:type\" content=\"article\" \/>\n<meta property=\"og:title\" content=\"\u00c9v\u00e9nements - Two 0 Seven\" \/>\n<meta property=\"og:description\" content=\"[vc_section full_width=\u00a0\u00bbstretch_row\u00a0\u00bb el_class=\u00a0\u00bbsection-contact\u00a0\u00bb css=\u00a0\u00bb.vc_custom_1763147780506{margin-top: -20px !important;}\u00a0\u00bb][vc_row][vc_column][vc_column_text css=\u00a0\u00bb\u00a0\u00bb] Planifiez votre prochain \u00e9v\u00e9nement avec nous! Qu\u2019il s\u2019agisse d\u2019une activit\u00e9 corporative, d\u2019un anniversaire, d\u2019un d\u00eener priv\u00e9 ou de toute autre c\u00e9l\u00e9bration,notre \u00e9quipe d\u2019\u00e9v\u00e9nements est l\u00e0 pour donner vie \u00e0 votre vision.\u00a0 [\/vc_column_text][\/vc_column][\/vc_row][vc_row][vc_column width=\u00a0\u00bb1\/2&Prime;][vc_single_image image=\u00a0\u00bb504&Prime; img_size=\u00a0\u00bblarge\u00a0\u00bb css=\u00a0\u00bb.vc_custom_1763149461691{margin-top: -20px !important;margin-left: -100px !important;}\u00a0\u00bb][vc_single_image image=\u00a0\u00bb508&Prime; img_size=\u00a0\u00bbfull\u00a0\u00bb alignment=\u00a0\u00bbcenter\u00a0\u00bb css=\u00a0\u00bb.vc_custom_1763645728439{margin-top: -120px !important;margin-right: -40px !important;margin-left: 20px !important;}\u00a0\u00bb][vc_single_image image=\u00a0\u00bb506&Prime; img_size=\u00a0\u00bblarge\u00a0\u00bb css=\u00a0\u00bb.vc_custom_1763645695292{margin-top: ...\" \/>\n<meta property=\"og:url\" content=\"https:\/\/two0seven.com\/fr\/evenements\/\" \/>\n<meta property=\"og:site_name\" content=\"Two 0 Seven\" \/>\n<meta property=\"article:modified_time\" content=\"2025-11-20T13:35:31+00:00\" \/>\n<meta name=\"twitter:card\" content=\"summary_large_image\" \/>\n<meta name=\"twitter:label1\" content=\"Dur\u00e9e de lecture estim\u00e9e\" \/>\n\t<meta name=\"twitter:data1\" content=\"1 minute\" \/>\n<script type=\"application\/ld+json\" class=\"yoast-schema-graph\">{\"@context\":\"https:\/\/schema.org\",\"@graph\":[{\"@type\":\"WebPage\",\"@id\":\"https:\/\/two0seven.com\/fr\/evenements\/\",\"url\":\"https:\/\/two0seven.com\/fr\/evenements\/\",\"name\":\"\u00c9v\u00e9nements - Two 0 Seven\",\"isPartOf\":{\"@id\":\"https:\/\/two0seven.com\/#website\"},\"datePublished\":\"2025-11-14T19:16:27+00:00\",\"dateModified\":\"2025-11-20T13:35:31+00:00\",\"breadcrumb\":{\"@id\":\"https:\/\/two0seven.com\/fr\/evenements\/#breadcrumb\"},\"inLanguage\":\"fr-FR\",\"potentialAction\":[{\"@type\":\"ReadAction\",\"target\":[\"https:\/\/two0seven.com\/fr\/evenements\/\"]}]},{\"@type\":\"BreadcrumbList\",\"@id\":\"https:\/\/two0seven.com\/fr\/evenements\/#breadcrumb\",\"itemListElement\":[{\"@type\":\"ListItem\",\"position\":1,\"name\":\"Home\",\"item\":\"https:\/\/two0seven.com\/\"},{\"@type\":\"ListItem\",\"position\":2,\"name\":\"\u00c9v\u00e9nements\"}]},{\"@type\":\"WebSite\",\"@id\":\"https:\/\/two0seven.com\/#website\",\"url\":\"https:\/\/two0seven.com\/\",\"name\":\"Two 0 Seven\",\"description\":\"\",\"potentialAction\":[{\"@type\":\"SearchAction\",\"target\":{\"@type\":\"EntryPoint\",\"urlTemplate\":\"https:\/\/two0seven.com\/?s={search_term_string}\"},\"query-input\":{\"@type\":\"PropertyValueSpecification\",\"valueRequired\":true,\"valueName\":\"search_term_string\"}}],\"inLanguage\":\"fr-FR\"}]}<\/script>\n<!-- \/ Yoast SEO plugin. -->","yoast_head_json":{"title":"\u00c9v\u00e9nements - Two 0 Seven","robots":{"index":"index","follow":"follow","max-snippet":"max-snippet:-1","max-image-preview":"max-image-preview:large","max-video-preview":"max-video-preview:-1"},"canonical":"https:\/\/two0seven.com\/fr\/evenements\/","og_locale":"fr_FR","og_type":"article","og_title":"\u00c9v\u00e9nements - Two 0 Seven","og_description":"[vc_section full_width=\u00a0\u00bbstretch_row\u00a0\u00bb el_class=\u00a0\u00bbsection-contact\u00a0\u00bb css=\u00a0\u00bb.vc_custom_1763147780506{margin-top: -20px !important;}\u00a0\u00bb][vc_row][vc_column][vc_column_text css=\u00a0\u00bb\u00a0\u00bb] Planifiez votre prochain \u00e9v\u00e9nement avec nous! Qu\u2019il s\u2019agisse d\u2019une activit\u00e9 corporative, d\u2019un anniversaire, d\u2019un d\u00eener priv\u00e9 ou de toute autre c\u00e9l\u00e9bration,notre \u00e9quipe d\u2019\u00e9v\u00e9nements est l\u00e0 pour donner vie \u00e0 votre vision.\u00a0 [\/vc_column_text][\/vc_column][\/vc_row][vc_row][vc_column width=\u00a0\u00bb1\/2&Prime;][vc_single_image image=\u00a0\u00bb504&Prime; img_size=\u00a0\u00bblarge\u00a0\u00bb css=\u00a0\u00bb.vc_custom_1763149461691{margin-top: -20px !important;margin-left: -100px !important;}\u00a0\u00bb][vc_single_image image=\u00a0\u00bb508&Prime; img_size=\u00a0\u00bbfull\u00a0\u00bb alignment=\u00a0\u00bbcenter\u00a0\u00bb css=\u00a0\u00bb.vc_custom_1763645728439{margin-top: -120px !important;margin-right: -40px !important;margin-left: 20px !important;}\u00a0\u00bb][vc_single_image image=\u00a0\u00bb506&Prime; img_size=\u00a0\u00bblarge\u00a0\u00bb css=\u00a0\u00bb.vc_custom_1763645695292{margin-top: ...","og_url":"https:\/\/two0seven.com\/fr\/evenements\/","og_site_name":"Two 0 Seven","article_modified_time":"2025-11-20T13:35:31+00:00","twitter_card":"summary_large_image","twitter_misc":{"Dur\u00e9e de lecture estim\u00e9e":"1 minute"},"schema":{"@context":"https:\/\/schema.org","@graph":[{"@type":"WebPage","@id":"https:\/\/two0seven.com\/fr\/evenements\/","url":"https:\/\/two0seven.com\/fr\/evenements\/","name":"\u00c9v\u00e9nements - Two 0 Seven","isPartOf":{"@id":"https:\/\/two0seven.com\/#website"},"datePublished":"2025-11-14T19:16:27+00:00","dateModified":"2025-11-20T13:35:31+00:00","breadcrumb":{"@id":"https:\/\/two0seven.com\/fr\/evenements\/#breadcrumb"},"inLanguage":"fr-FR","potentialAction":[{"@type":"ReadAction","target":["https:\/\/two0seven.com\/fr\/evenements\/"]}]},{"@type":"BreadcrumbList","@id":"https:\/\/two0seven.com\/fr\/evenements\/#breadcrumb","itemListElement":[{"@type":"ListItem","position":1,"name":"Home","item":"https:\/\/two0seven.com\/"},{"@type":"ListItem","position":2,"name":"\u00c9v\u00e9nements"}]},{"@type":"WebSite","@id":"https:\/\/two0seven.com\/#website","url":"https:\/\/two0seven.com\/","name":"Two 0 Seven","description":"","potentialAction":[{"@type":"SearchAction","target":{"@type":"EntryPoint","urlTemplate":"https:\/\/two0seven.com\/?s={search_term_string}"},"query-input":{"@type":"PropertyValueSpecification","valueRequired":true,"valueName":"search_term_string"}}],"inLanguage":"fr-FR"}]}},"_links":{"self":[{"href":"https:\/\/two0seven.com\/fr\/wp-json\/wp\/v2\/pages\/529","targetHints":{"allow":["GET"]}}],"collection":[{"href":"https:\/\/two0seven.com\/fr\/wp-json\/wp\/v2\/pages"}],"about":[{"href":"https:\/\/two0seven.com\/fr\/wp-json\/wp\/v2\/types\/page"}],"author":[{"embeddable":true,"href":"https:\/\/two0seven.com\/fr\/wp-json\/wp\/v2\/users\/1"}],"replies":[{"embeddable":true,"href":"https:\/\/two0seven.com\/fr\/wp-json\/wp\/v2\/comments?post=529"}],"version-history":[{"count":6,"href":"https:\/\/two0seven.com\/fr\/wp-json\/wp\/v2\/pages\/529\/revisions"}],"predecessor-version":[{"id":543,"href":"https:\/\/two0seven.com\/fr\/wp-json\/wp\/v2\/pages\/529\/revisions\/543"}],"wp:attachment":[{"href":"https:\/\/two0seven.com\/fr\/wp-json\/wp\/v2\/media?parent=529"}],"curies":[{"name":"wp","href":"https:\/\/api.w.org\/{rel}","templated":true}]}}